{"id":11,"date":"2024-09-24T12:30:33","date_gmt":"2024-09-24T12:30:33","guid":{"rendered":"https:\/\/parkyapibilisim.com\/?page_id=11"},"modified":"2024-10-08T11:16:50","modified_gmt":"2024-10-08T11:16:50","slug":"vizyonumuz","status":"publish","type":"page","link":"https:\/\/parkyapibilisim.com\/index.php\/vizyonumuz\/","title":{"rendered":"Vizyonumuz"},"content":{"rendered":"\t\t<div data-elementor-type=\"wp-page\" data-elementor-id=\"11\" class=\"elementor elementor-11\">\n\t\t\t\t<div class=\"elementor-element elementor-element-5672a51 e-flex e-con-boxed e-con e-parent\" data-id=\"5672a51\" data-element_type=\"container\">\n\t\t\t\t\t<div class=\"e-con-inner\">\n\t\t\t\t<div class=\"elementor-element elementor-element-60b7784 elementor-widget elementor-widget-spacer\" data-id=\"60b7784\" data-element_type=\"widget\" data-widget_type=\"spacer.default\">\n\t\t\t\t<div class=\"elementor-widget-container\">\n\t\t\t\t\t<div class=\"elementor-spacer\">\n\t\t\t<div class=\"elementor-spacer-inner\"><\/div>\n\t\t<\/div>\n\t\t\t\t<\/div>\n\t\t\t\t<\/div>\n\t\t\t\t\t<\/div>\n\t\t\t\t<\/div>\n\t\t<div class=\"elementor-element elementor-element-408e59c e-flex e-con-boxed e-con e-parent\" data-id=\"408e59c\" data-element_type=\"container\">\n\t\t\t\t\t<div class=\"e-con-inner\">\n\t\t<div class=\"elementor-element elementor-element-425b918 e-con-full e-flex e-con e-child\" data-id=\"425b918\" data-element_type=\"container\">\n\t\t\t\t<div class=\"elementor-element elementor-element-b70d249 elementor-widget elementor-widget-sina_title\" data-id=\"b70d249\" data-element_type=\"widget\" data-widget_type=\"sina_title.default\">\n\t\t\t\t<div class=\"elementor-widget-container\">\n\t\t\t\t\t<div class=\"sina-title\">\r\n\t\t\t\r\n\t\t\t\t\t\t\t<h2 class=\"sina-title-title\">G\u00fcvenilirlik, Yenilik ve Kalite<\/h2>\t\t\t\r\n\t\t\t\r\n\t\t\t\r\n\t\t\t\t\t<\/div><!-- .sina-title -->\r\n\t\t\t\t<\/div>\n\t\t\t\t<\/div>\n\t\t\t\t<div class=\"elementor-element elementor-element-81156b7 elementor-widget elementor-widget-text-editor\" data-id=\"81156b7\" data-element_type=\"widget\" data-widget_type=\"text-editor.default\">\n\t\t\t\t<div class=\"elementor-widget-container\">\n\t\t\t\t\t\t\t<p>Vizyonumuz, in\u015faat sekt\u00f6r\u00fcnde verimlilik, kalite, i\u015f sa\u011fl\u0131\u011f\u0131 ve i\u015f g\u00fcvenli\u011fi konular\u0131nda standartlar\u0131 yakalayan, T\u00fcrkiye\u2019nin en g\u00fcvenilir \u015firketleri aras\u0131nda yer alma hedefi ve bilinci ile \u00e7al\u0131\u015fmalar\u0131m\u0131z\u0131 s\u00fcrd\u00fcrmektir.<\/p><p>Vizyonumuz, d\u00fcnya ve \u00fclke \u00e7ap\u0131nda \u00f6nc\u00fc, giri\u015fimcilik ruhu ta\u015f\u0131yan ve \u00f6rnek olma \u00f6zelli\u011fi bar\u0131nd\u0131ran tasar\u0131mlar \u0131\u015f\u0131\u011f\u0131nda geli\u015ftirdi\u011fimiz projeler ile \u00fclkemizin \u00f6nemli mihenk ta\u015f\u0131 mimari ve m\u00fchendislik yap\u0131lar\u0131n\u0131 in\u015fa etme bilinci ve sorumlulu\u011funu ta\u015f\u0131makt\u0131r.<\/p><p>Vizyonumuz, \u00fcstlendi\u011fi i\u015flerde farkl\u0131l\u0131klar yaratarak kal\u0131c\u0131 eserler in\u015fa etme, kalite ve s\u00fcre a\u00e7\u0131s\u0131ndan \u00fcst\u00fcn ba\u015far\u0131 ile y\u00fcr\u00fct\u00fclen bir i\u015fletme olma \u00f6zelli\u011fimizi korurken, modern T\u00fcrkiye i\u00e7in \u00fclkemiz ekonomisine katk\u0131m\u0131z\u0131 s\u00fcrekli olarak art\u0131rmakt\u0131r.<\/p>\t\t\t\t\t\t<\/div>\n\t\t\t\t<\/div>\n\t\t\t\t<\/div>\n\t\t<div class=\"elementor-element elementor-element-38316e7 e-con-full e-flex e-con e-child\" data-id=\"38316e7\" data-element_type=\"container\">\n\t\t\t\t<div class=\"elementor-element elementor-element-ad093de elementor-widget elementor-widget-image\" data-id=\"ad093de\" data-element_type=\"widget\" data-widget_type=\"image.default\">\n\t\t\t\t<div class=\"elementor-widget-container\">\n\t\t\t\t\t\t\t\t\t\t\t\t\t<img fetchpriority=\"high\" decoding=\"async\" width=\"800\" height=\"600\" src=\"https:\/\/parkyapibilisim.com\/wp-content\/uploads\/2024\/10\/7-1024x768.jpeg\" class=\"attachment-large size-large wp-image-114\" alt=\"\" srcset=\"https:\/\/parkyapibilisim.com\/wp-content\/uploads\/2024\/10\/7-1024x768.jpeg 1024w, https:\/\/parkyapibilisim.com\/wp-content\/uploads\/2024\/10\/7-300x225.jpeg 300w, https:\/\/parkyapibilisim.com\/wp-content\/uploads\/2024\/10\/7-768x576.jpeg 768w, https:\/\/parkyapibilisim.com\/wp-content\/uploads\/2024\/10\/7-1536x1152.jpeg 1536w, https:\/\/parkyapibilisim.com\/wp-content\/uploads\/2024\/10\/7.jpeg 1600w\" sizes=\"(max-width: 800px) 100vw, 800px\" \/>\t\t\t\t\t\t\t\t\t\t\t\t\t<\/div>\n\t\t\t\t<\/div>\n\t\t\t\t<\/div>\n\t\t\t\t\t<\/div>\n\t\t\t\t<\/div>\n\t\t\t\t<\/div>\n\t\t","protected":false},"excerpt":{"rendered":"<p>G\u00fcvenilirlik, Yenilik ve Kalite Vizyonumuz, in\u015faat sekt\u00f6r\u00fcnde verimlilik, kalite, i\u015f sa\u011fl\u0131\u011f\u0131 ve i\u015f g\u00fcvenli\u011fi konular\u0131nda standartlar\u0131 yakalayan, T\u00fcrkiye\u2019nin en g\u00fcvenilir \u015firketleri aras\u0131nda yer alma hedefi ve bilinci ile \u00e7al\u0131\u015fmalar\u0131m\u0131z\u0131 s\u00fcrd\u00fcrmektir. Vizyonumuz, d\u00fcnya ve \u00fclke \u00e7ap\u0131nda \u00f6nc\u00fc, giri\u015fimcilik ruhu ta\u015f\u0131yan ve \u00f6rnek olma \u00f6zelli\u011fi bar\u0131nd\u0131ran tasar\u0131mlar \u0131\u015f\u0131\u011f\u0131nda geli\u015ftirdi\u011fimiz projeler ile \u00fclkemizin \u00f6nemli mihenk ta\u015f\u0131 mimari ve [&hellip;]<\/p>\n","protected":false},"author":1,"featured_media":0,"parent":0,"menu_order":0,"comment_status":"closed","ping_status":"closed","template":"","meta":{"footnotes":""},"class_list":["post-11","page","type-page","status-publish","hentry"],"_links":{"self":[{"href":"https:\/\/parkyapibilisim.com\/index.php\/wp-json\/wp\/v2\/pages\/11","targetHints":{"allow":["GET"]}}],"collection":[{"href":"https:\/\/parkyapibilisim.com\/index.php\/wp-json\/wp\/v2\/pages"}],"about":[{"href":"https:\/\/parkyapibilisim.com\/index.php\/wp-json\/wp\/v2\/types\/page"}],"author":[{"embeddable":true,"href":"https:\/\/parkyapibilisim.com\/index.php\/wp-json\/wp\/v2\/users\/1"}],"replies":[{"embeddable":true,"href":"https:\/\/parkyapibilisim.com\/index.php\/wp-json\/wp\/v2\/comments?post=11"}],"version-history":[{"count":15,"href":"https:\/\/parkyapibilisim.com\/index.php\/wp-json\/wp\/v2\/pages\/11\/revisions"}],"predecessor-version":[{"id":270,"href":"https:\/\/parkyapibilisim.com\/index.php\/wp-json\/wp\/v2\/pages\/11\/revisions\/270"}],"wp:attachment":[{"href":"https:\/\/parkyapibilisim.com\/index.php\/wp-json\/wp\/v2\/media?parent=11"}],"curies":[{"name":"wp","href":"https:\/\/api.w.org\/{rel}","templated":true}]}}