{"id":73,"date":"2024-10-05T13:48:14","date_gmt":"2024-10-05T13:48:14","guid":{"rendered":"https:\/\/parkyapibilisim.com\/?page_id=73"},"modified":"2025-09-25T10:21:55","modified_gmt":"2025-09-25T10:21:55","slug":"elementor-73","status":"publish","type":"page","link":"https:\/\/parkyapibilisim.com\/","title":{"rendered":"Anasayfa"},"content":{"rendered":"\t\t<div data-elementor-type=\"wp-page\" data-elementor-id=\"73\" class=\"elementor elementor-73\">\n\t\t\t\t<div class=\"elementor-element elementor-element-56fde15 e-flex e-con-boxed e-con e-parent\" data-id=\"56fde15\" data-element_type=\"container\">\n\t\t\t\t\t<div class=\"e-con-inner\">\n\t\t\t\t<div class=\"elementor-element elementor-element-6a9cf56 elementor-widget elementor-widget-spacer\" data-id=\"6a9cf56\" data-element_type=\"widget\" data-widget_type=\"spacer.default\">\n\t\t\t\t<div class=\"elementor-widget-container\">\n\t\t\t\t\t<div class=\"elementor-spacer\">\n\t\t\t<div class=\"elementor-spacer-inner\"><\/div>\n\t\t<\/div>\n\t\t\t\t<\/div>\n\t\t\t\t<\/div>\n\t\t\t\t\t<\/div>\n\t\t\t\t<\/div>\n\t\t<div class=\"elementor-element elementor-element-f3b5d5c e-flex e-con-boxed e-con e-parent\" data-id=\"f3b5d5c\" data-element_type=\"container\">\n\t\t\t\t\t<div class=\"e-con-inner\">\n\t\t<div class=\"elementor-element elementor-element-6b44ca0 e-con-full e-flex e-con e-child\" data-id=\"6b44ca0\" data-element_type=\"container\">\n\t\t\t\t<div class=\"elementor-element elementor-element-a8d0e3b elementor-widget elementor-widget-sina_title\" data-id=\"a8d0e3b\" data-element_type=\"widget\" data-widget_type=\"sina_title.default\">\n\t\t\t\t<div class=\"elementor-widget-container\">\n\t\t\t\t\t<div class=\"sina-title\">\r\n\t\t\t\r\n\t\t\t\t\t\t\t<h2 class=\"sina-title-title\">Kurulu\u015f<\/h2>\t\t\t\r\n\t\t\t\r\n\t\t\t\r\n\t\t\t\t\t<\/div><!-- .sina-title -->\r\n\t\t\t\t<\/div>\n\t\t\t\t<\/div>\n\t\t\t\t<div class=\"elementor-element elementor-element-c3f10f2 elementor-widget elementor-widget-text-editor\" data-id=\"c3f10f2\" data-element_type=\"widget\" data-widget_type=\"text-editor.default\">\n\t\t\t\t<div class=\"elementor-widget-container\">\n\t\t\t\t\t\t\t<p style=\"text-align: justify;\">2010 y\u0131l\u0131nda in\u015faat sekt\u00f6r\u00fcnde faaliyete ba\u015flam\u0131\u015f olan Park Yap\u0131 Bili\u015fim San. ve Tic. Ltd. \u015eti., Ankara\u2019da kurulmu\u015f ve kuruldu\u011fu g\u00fcnden bu yana profesyonel, kaliteli ve yenilik\u00e7i hizmetleri ile bu sekt\u00f6rde hizmet vermeye devam etmektedir.<\/p><p style=\"text-align: justify;\">Firmam\u0131z, \u00f6zg\u00fcn, \u00f6rnek nitelikte bir\u00e7ok ba\u015far\u0131l\u0131 projeyi hayata ge\u00e7irmi\u015f ve \u00fcstlenmi\u015f oldu\u011fu taahh\u00fctleri hem zaman\u0131nda hem de beklenen kalitenin \u00fczerinde, g\u00fcncel teknolojik y\u00f6ntemler ile tamamlayarak bug\u00fcn in\u015faat sekt\u00f6r\u00fcnde sayg\u0131n bir yer edinmi\u015ftir. Firmam\u0131z\u0131n bug\u00fcne gelmesinde, projelerin zaman\u0131nda tamamlan\u0131p beklentinin \u00fczerinde hizmet sunulmas\u0131, kaliteli malzeme ve kalifiye personel kullan\u0131m\u0131, yenilik\u00e7i teknoloji anlay\u0131\u015f\u0131 ve deneyimli personel ile profesyonel y\u00f6netim kadrosunun tecr\u00fcbesi etkili olmu\u015ftur.<\/p>\t\t\t\t\t\t<\/div>\n\t\t\t\t<\/div>\n\t\t\t\t<\/div>\n\t\t<div class=\"elementor-element elementor-element-6753a3f e-con-full e-flex e-con e-child\" data-id=\"6753a3f\" data-element_type=\"container\">\n\t\t\t\t<div class=\"elementor-element elementor-element-91ba441 elementor-widget elementor-widget-image\" data-id=\"91ba441\" data-element_type=\"widget\" data-widget_type=\"image.default\">\n\t\t\t\t<div class=\"elementor-widget-container\">\n\t\t\t\t\t\t\t\t\t\t\t\t\t<img fetchpriority=\"high\" decoding=\"async\" width=\"768\" height=\"1024\" src=\"https:\/\/parkyapibilisim.com\/wp-content\/uploads\/2024\/10\/1-768x1024.jpeg\" class=\"attachment-large size-large wp-image-66\" alt=\"\" srcset=\"https:\/\/parkyapibilisim.com\/wp-content\/uploads\/2024\/10\/1-768x1024.jpeg 768w, https:\/\/parkyapibilisim.com\/wp-content\/uploads\/2024\/10\/1-225x300.jpeg 225w, https:\/\/parkyapibilisim.com\/wp-content\/uploads\/2024\/10\/1-1152x1536.jpeg 1152w, https:\/\/parkyapibilisim.com\/wp-content\/uploads\/2024\/10\/1.jpeg 1200w\" sizes=\"(max-width: 768px) 100vw, 768px\" \/>\t\t\t\t\t\t\t\t\t\t\t\t\t<\/div>\n\t\t\t\t<\/div>\n\t\t\t\t<\/div>\n\t\t\t\t\t<\/div>\n\t\t\t\t<\/div>\n\t\t<div class=\"elementor-element elementor-element-1ed3434 e-flex e-con-boxed e-con e-parent\" data-id=\"1ed3434\" data-element_type=\"container\">\n\t\t\t\t\t<div class=\"e-con-inner\">\n\t\t\t\t<div class=\"elementor-element elementor-element-df72253 elementor-widget elementor-widget-spacer\" data-id=\"df72253\" data-element_type=\"widget\" data-widget_type=\"spacer.default\">\n\t\t\t\t<div class=\"elementor-widget-container\">\n\t\t\t\t\t<div class=\"elementor-spacer\">\n\t\t\t<div class=\"elementor-spacer-inner\"><\/div>\n\t\t<\/div>\n\t\t\t\t<\/div>\n\t\t\t\t<\/div>\n\t\t\t\t\t<\/div>\n\t\t\t\t<\/div>\n\t\t<div class=\"elementor-element elementor-element-8449fc8 e-flex e-con-boxed e-con e-parent\" data-id=\"8449fc8\" data-element_type=\"container\">\n\t\t\t\t\t<div class=\"e-con-inner\">\n\t\t<div class=\"elementor-element elementor-element-d740918 e-con-full e-flex e-con e-child\" data-id=\"d740918\" data-element_type=\"container\">\n\t\t\t\t<div class=\"elementor-element elementor-element-90407ee elementor-widget elementor-widget-image\" data-id=\"90407ee\" data-element_type=\"widget\" data-widget_type=\"image.default\">\n\t\t\t\t<div class=\"elementor-widget-container\">\n\t\t\t\t\t\t\t\t\t\t\t\t\t<img decoding=\"async\" width=\"768\" height=\"1024\" src=\"https:\/\/parkyapibilisim.com\/wp-content\/uploads\/2024\/10\/4jpeg-768x1024.jpeg\" class=\"attachment-large size-large wp-image-67\" alt=\"\" srcset=\"https:\/\/parkyapibilisim.com\/wp-content\/uploads\/2024\/10\/4jpeg-768x1024.jpeg 768w, https:\/\/parkyapibilisim.com\/wp-content\/uploads\/2024\/10\/4jpeg-225x300.jpeg 225w, https:\/\/parkyapibilisim.com\/wp-content\/uploads\/2024\/10\/4jpeg-1152x1536.jpeg 1152w, https:\/\/parkyapibilisim.com\/wp-content\/uploads\/2024\/10\/4jpeg.jpeg 1200w\" sizes=\"(max-width: 768px) 100vw, 768px\" \/>\t\t\t\t\t\t\t\t\t\t\t\t\t<\/div>\n\t\t\t\t<\/div>\n\t\t\t\t<\/div>\n\t\t<div class=\"elementor-element elementor-element-bdd5a7d e-con-full e-flex e-con e-child\" data-id=\"bdd5a7d\" data-element_type=\"container\">\n\t\t\t\t<div class=\"elementor-element elementor-element-d4fee65 elementor-widget elementor-widget-sina_title\" data-id=\"d4fee65\" data-element_type=\"widget\" data-widget_type=\"sina_title.default\">\n\t\t\t\t<div class=\"elementor-widget-container\">\n\t\t\t\t\t<div class=\"sina-title\">\r\n\t\t\t\r\n\t\t\t\t\t\t\t<h2 class=\"sina-title-title\">Hakk\u0131m\u0131zda<\/h2>\t\t\t\r\n\t\t\t\r\n\t\t\t\r\n\t\t\t\t\t<\/div><!-- .sina-title -->\r\n\t\t\t\t<\/div>\n\t\t\t\t<\/div>\n\t\t\t\t<div class=\"elementor-element elementor-element-1df3989 elementor-widget elementor-widget-text-editor\" data-id=\"1df3989\" data-element_type=\"widget\" data-widget_type=\"text-editor.default\">\n\t\t\t\t<div class=\"elementor-widget-container\">\n\t\t\t\t\t\t\t<p>\u015eirketimizin i\u015f portf\u00f6y\u00fcnde, devlet taahh\u00fct i\u015fleri ba\u015fta olmak \u00fczere, konut, ofis, i\u015f merkezi ve t\u00fcm ticari i\u015fletmelerde \u015firketimiz b\u00fcnyesindeki mimari hizmetlerle birlikte dekorasyon, taahh\u00fct, yap\u0131 ve tadilat projeleri yer almaktad\u0131r. \u015eirketimiz, t\u00fcm projelerini kaliteli malzeme ve kalifiye personel kullan\u0131m\u0131yla beraber h\u0131zl\u0131 bir \u015fekilde tamamlay\u0131p, kurumsal ve bireysel m\u00fc\u015fterilerinin beklentilerini en \u00fcst d\u00fczeyde kar\u015f\u0131lamay\u0131 ilke edinmi\u015ftir.<\/p><p>Park Yap\u0131 Bili\u015fim San. ve Tic. Ltd. \u015eti., gelecek y\u0131llarda da prensiplerinden ve de\u011ferlerinden \u00f6d\u00fcn vermeyerek d\u00fcnya standartlar\u0131nda projeler \u00fcretmeye ve \u00fclkemizde in\u015faat sekt\u00f6r\u00fcne b\u00fcy\u00fck katk\u0131lar sunmaya devam etmeyi hedeflemektedir.<\/p>\t\t\t\t\t\t<\/div>\n\t\t\t\t<\/div>\n\t\t\t\t<\/div>\n\t\t\t\t\t<\/div>\n\t\t\t\t<\/div>\n\t\t<div class=\"elementor-element elementor-element-32c3a21 e-flex e-con-boxed e-con e-parent\" data-id=\"32c3a21\" data-element_type=\"container\">\n\t\t\t\t\t<div class=\"e-con-inner\">\n\t\t\t\t<div class=\"elementor-element elementor-element-5c5c260 elementor-widget elementor-widget-heading\" data-id=\"5c5c260\" data-element_type=\"widget\" data-widget_type=\"heading.default\">\n\t\t\t\t<div class=\"elementor-widget-container\">\n\t\t\t<h2 class=\"elementor-heading-title elementor-size-default\">Ba\u015fl\u0131k Metninizi Buraya Ekleyin<\/h2>\t\t<\/div>\n\t\t\t\t<\/div>\n\t\t\t\t\t<\/div>\n\t\t\t\t<\/div>\n\t\t\t\t<\/div>\n\t\t","protected":false},"excerpt":{"rendered":"<p>Kurulu\u015f 2010 y\u0131l\u0131nda in\u015faat sekt\u00f6r\u00fcnde faaliyete ba\u015flam\u0131\u015f olan Park Yap\u0131 Bili\u015fim San. ve Tic. Ltd. \u015eti., Ankara\u2019da kurulmu\u015f ve kuruldu\u011fu g\u00fcnden bu yana profesyonel, kaliteli ve yenilik\u00e7i hizmetleri ile bu sekt\u00f6rde hizmet vermeye devam etmektedir. Firmam\u0131z, \u00f6zg\u00fcn, \u00f6rnek nitelikte bir\u00e7ok ba\u015far\u0131l\u0131 projeyi hayata ge\u00e7irmi\u015f ve \u00fcstlenmi\u015f oldu\u011fu taahh\u00fctleri hem zaman\u0131nda hem de beklenen kalitenin \u00fczerinde, [&hellip;]<\/p>\n","protected":false},"author":1,"featured_media":0,"parent":0,"menu_order":0,"comment_status":"closed","ping_status":"closed","template":"","meta":{"footnotes":""},"class_list":["post-73","page","type-page","status-publish","hentry"],"_links":{"self":[{"href":"https:\/\/parkyapibilisim.com\/index.php\/wp-json\/wp\/v2\/pages\/73","targetHints":{"allow":["GET"]}}],"collection":[{"href":"https:\/\/parkyapibilisim.com\/index.php\/wp-json\/wp\/v2\/pages"}],"about":[{"href":"https:\/\/parkyapibilisim.com\/index.php\/wp-json\/wp\/v2\/types\/page"}],"author":[{"embeddable":true,"href":"https:\/\/parkyapibilisim.com\/index.php\/wp-json\/wp\/v2\/users\/1"}],"replies":[{"embeddable":true,"href":"https:\/\/parkyapibilisim.com\/index.php\/wp-json\/wp\/v2\/comments?post=73"}],"version-history":[{"count":18,"href":"https:\/\/parkyapibilisim.com\/index.php\/wp-json\/wp\/v2\/pages\/73\/revisions"}],"predecessor-version":[{"id":315,"href":"https:\/\/parkyapibilisim.com\/index.php\/wp-json\/wp\/v2\/pages\/73\/revisions\/315"}],"wp:attachment":[{"href":"https:\/\/parkyapibilisim.com\/index.php\/wp-json\/wp\/v2\/media?parent=73"}],"curies":[{"name":"wp","href":"https:\/\/api.w.org\/{rel}","templated":true}]}}