{"id":9,"date":"2024-09-24T12:20:01","date_gmt":"2024-09-24T12:20:01","guid":{"rendered":"https:\/\/parkyapibilisim.com\/?page_id=9"},"modified":"2024-10-08T11:17:23","modified_gmt":"2024-10-08T11:17:23","slug":"misyonumuz","status":"publish","type":"page","link":"https:\/\/parkyapibilisim.com\/index.php\/misyonumuz\/","title":{"rendered":"Misyonumuz"},"content":{"rendered":"\t\t<div data-elementor-type=\"wp-page\" data-elementor-id=\"9\" class=\"elementor elementor-9\">\n\t\t\t\t<div class=\"elementor-element elementor-element-ad164e7 e-flex e-con-boxed e-con e-parent\" data-id=\"ad164e7\" data-element_type=\"container\">\n\t\t\t\t\t<div class=\"e-con-inner\">\n\t\t\t\t<div class=\"elementor-element elementor-element-00c542d elementor-widget elementor-widget-spacer\" data-id=\"00c542d\" data-element_type=\"widget\" data-widget_type=\"spacer.default\">\n\t\t\t\t<div class=\"elementor-widget-container\">\n\t\t\t\t\t<div class=\"elementor-spacer\">\n\t\t\t<div class=\"elementor-spacer-inner\"><\/div>\n\t\t<\/div>\n\t\t\t\t<\/div>\n\t\t\t\t<\/div>\n\t\t\t\t\t<\/div>\n\t\t\t\t<\/div>\n\t\t<div class=\"elementor-element elementor-element-7d85d48 e-flex e-con-boxed e-con e-parent\" data-id=\"7d85d48\" data-element_type=\"container\">\n\t\t\t\t\t<div class=\"e-con-inner\">\n\t\t<div class=\"elementor-element elementor-element-684fdc6 e-con-full e-flex e-con e-child\" data-id=\"684fdc6\" data-element_type=\"container\">\n\t\t\t\t<div class=\"elementor-element elementor-element-4ee900d elementor-widget elementor-widget-sina_title\" data-id=\"4ee900d\" data-element_type=\"widget\" data-widget_type=\"sina_title.default\">\n\t\t\t\t<div class=\"elementor-widget-container\">\n\t\t\t\t\t<div class=\"sina-title\">\r\n\t\t\t\r\n\t\t\t\t\t\t\t<h2 class=\"sina-title-title\">\u0130stikrarl\u0131 Kalite ve Yenilik\u00e7i Yakla\u015f\u0131m<\/h2>\t\t\t\r\n\t\t\t\r\n\t\t\t\r\n\t\t\t\t\t<\/div><!-- .sina-title -->\r\n\t\t\t\t<\/div>\n\t\t\t\t<\/div>\n\t\t\t\t<div class=\"elementor-element elementor-element-be9afe4 elementor-widget elementor-widget-text-editor\" data-id=\"be9afe4\" data-element_type=\"widget\" data-widget_type=\"text-editor.default\">\n\t\t\t\t<div class=\"elementor-widget-container\">\n\t\t\t\t\t\t\t<p>Misyonumuz, m\u00fc\u015fterilerimizin ve birlikte \u00e7al\u0131\u015ft\u0131\u011f\u0131m\u0131z insanlar\u0131n beklentilerini istikrarl\u0131 kalite anlay\u0131\u015f\u0131 ile kar\u015f\u0131lamak, de\u011fer yaratmay\u0131 esas alan kurumsal bir yap\u0131 olu\u015fturmak, m\u00fc\u015fteri odakl\u0131 \u00e7al\u0131\u015fma stratejimiz ve rekabet\u00e7i b\u00fcy\u00fcme potansiyelimiz ile en iyi \u015fekilde de\u011ferleri y\u00f6netmektir.&nbsp;<\/p><p>Misyonumuz, in\u015faat ve m\u00fchendislik bilimlerindeki en son teknolojik olanaklar\u0131 kullanarak daima y\u00fcksek kalite sa\u011flayan \u015firketimiz, standartlar\u0131 uluslararas\u0131 kabul g\u00f6rm\u00fc\u015f kalite standartlar\u0131na dayanmaktad\u0131r.<\/p>\t\t\t\t\t\t<\/div>\n\t\t\t\t<\/div>\n\t\t\t\t<\/div>\n\t\t<div class=\"elementor-element elementor-element-6f596cf e-con-full e-flex e-con e-child\" data-id=\"6f596cf\" data-element_type=\"container\">\n\t\t\t\t<div class=\"elementor-element elementor-element-89e902d elementor-widget elementor-widget-image\" data-id=\"89e902d\" data-element_type=\"widget\" data-widget_type=\"image.default\">\n\t\t\t\t<div class=\"elementor-widget-container\">\n\t\t\t\t\t\t\t\t\t\t\t\t\t<img fetchpriority=\"high\" decoding=\"async\" width=\"768\" height=\"1024\" src=\"https:\/\/parkyapibilisim.com\/wp-content\/uploads\/2024\/10\/5jpeg-768x1024.jpeg\" class=\"attachment-large size-large wp-image-105\" alt=\"\" srcset=\"https:\/\/parkyapibilisim.com\/wp-content\/uploads\/2024\/10\/5jpeg-768x1024.jpeg 768w, https:\/\/parkyapibilisim.com\/wp-content\/uploads\/2024\/10\/5jpeg-225x300.jpeg 225w, https:\/\/parkyapibilisim.com\/wp-content\/uploads\/2024\/10\/5jpeg-1152x1536.jpeg 1152w, https:\/\/parkyapibilisim.com\/wp-content\/uploads\/2024\/10\/5jpeg.jpeg 1200w\" sizes=\"(max-width: 768px) 100vw, 768px\" \/>\t\t\t\t\t\t\t\t\t\t\t\t\t<\/div>\n\t\t\t\t<\/div>\n\t\t\t\t<\/div>\n\t\t\t\t\t<\/div>\n\t\t\t\t<\/div>\n\t\t<div class=\"elementor-element elementor-element-612be99 e-flex e-con-boxed e-con e-parent\" data-id=\"612be99\" data-element_type=\"container\">\n\t\t\t\t\t<div class=\"e-con-inner\">\n\t\t\t\t<div class=\"elementor-element elementor-element-58e9123 elementor-widget elementor-widget-spacer\" data-id=\"58e9123\" data-element_type=\"widget\" data-widget_type=\"spacer.default\">\n\t\t\t\t<div class=\"elementor-widget-container\">\n\t\t\t\t\t<div class=\"elementor-spacer\">\n\t\t\t<div class=\"elementor-spacer-inner\"><\/div>\n\t\t<\/div>\n\t\t\t\t<\/div>\n\t\t\t\t<\/div>\n\t\t\t\t\t<\/div>\n\t\t\t\t<\/div>\n\t\t<div class=\"elementor-element elementor-element-17493e2 e-flex e-con-boxed e-con e-parent\" data-id=\"17493e2\" data-element_type=\"container\">\n\t\t\t\t\t<div class=\"e-con-inner\">\n\t\t<div class=\"elementor-element elementor-element-197c5cc e-con-full e-flex e-con e-child\" data-id=\"197c5cc\" data-element_type=\"container\">\n\t\t\t\t<div class=\"elementor-element elementor-element-7317952 elementor-widget elementor-widget-image\" data-id=\"7317952\" data-element_type=\"widget\" data-widget_type=\"image.default\">\n\t\t\t\t<div class=\"elementor-widget-container\">\n\t\t\t\t\t\t\t\t\t\t\t\t\t<img decoding=\"async\" width=\"768\" height=\"1024\" src=\"https:\/\/parkyapibilisim.com\/wp-content\/uploads\/2024\/10\/3-768x1024.jpeg\" class=\"attachment-large size-large wp-image-106\" alt=\"\" srcset=\"https:\/\/parkyapibilisim.com\/wp-content\/uploads\/2024\/10\/3-768x1024.jpeg 768w, https:\/\/parkyapibilisim.com\/wp-content\/uploads\/2024\/10\/3-225x300.jpeg 225w, https:\/\/parkyapibilisim.com\/wp-content\/uploads\/2024\/10\/3-1152x1536.jpeg 1152w, https:\/\/parkyapibilisim.com\/wp-content\/uploads\/2024\/10\/3.jpeg 1200w\" sizes=\"(max-width: 768px) 100vw, 768px\" \/>\t\t\t\t\t\t\t\t\t\t\t\t\t<\/div>\n\t\t\t\t<\/div>\n\t\t\t\t<\/div>\n\t\t<div class=\"elementor-element elementor-element-74f66ef e-con-full e-flex e-con e-child\" data-id=\"74f66ef\" data-element_type=\"container\">\n\t\t\t\t<div class=\"elementor-element elementor-element-f232126 elementor-widget elementor-widget-sina_title\" data-id=\"f232126\" data-element_type=\"widget\" data-widget_type=\"sina_title.default\">\n\t\t\t\t<div class=\"elementor-widget-container\">\n\t\t\t\t\t<div class=\"sina-title\">\r\n\t\t\t\r\n\t\t\t\t\t\t\t<h2 class=\"sina-title-title\">Teknoloji ve Kalite<\/h2>\t\t\t\r\n\t\t\t\r\n\t\t\t\r\n\t\t\t\t\t<\/div><!-- .sina-title -->\r\n\t\t\t\t<\/div>\n\t\t\t\t<\/div>\n\t\t\t\t<div class=\"elementor-element elementor-element-ccbab54 elementor-widget elementor-widget-text-editor\" data-id=\"ccbab54\" data-element_type=\"widget\" data-widget_type=\"text-editor.default\">\n\t\t\t\t<div class=\"elementor-widget-container\">\n\t\t\t\t\t\t\t<p>Misyonumuz, in\u015faat ve m\u00fchendislik bilimlerindeki en son teknolojik olanaklar\u0131 kullanarak daima y\u00fcksek kalite sa\u011flayan \u015firketimiz, uluslararas\u0131 kabul g\u00f6rm\u00fc\u015f kalite standartlar\u0131na dayanmaktad\u0131r. \u015eirketimiz, geli\u015fen in\u015faat teknolojilerine uygun \u00fcstyap\u0131lar ve altyap\u0131lar \u00fcretmek amac\u0131ndad\u0131r.<\/p>\t\t\t\t\t\t<\/div>\n\t\t\t\t<\/div>\n\t\t\t\t<\/div>\n\t\t\t\t\t<\/div>\n\t\t\t\t<\/div>\n\t\t<div class=\"elementor-element elementor-element-6ddd350 e-flex e-con-boxed e-con e-parent\" data-id=\"6ddd350\" data-element_type=\"container\">\n\t\t\t\t\t<div class=\"e-con-inner\">\n\t\t\t\t<div class=\"elementor-element elementor-element-c375b19 elementor-widget elementor-widget-spacer\" data-id=\"c375b19\" data-element_type=\"widget\" data-widget_type=\"spacer.default\">\n\t\t\t\t<div class=\"elementor-widget-container\">\n\t\t\t\t\t<div class=\"elementor-spacer\">\n\t\t\t<div class=\"elementor-spacer-inner\"><\/div>\n\t\t<\/div>\n\t\t\t\t<\/div>\n\t\t\t\t<\/div>\n\t\t\t\t\t<\/div>\n\t\t\t\t<\/div>\n\t\t<div class=\"elementor-element elementor-element-91854bf e-flex e-con-boxed e-con e-parent\" data-id=\"91854bf\" data-element_type=\"container\">\n\t\t\t\t\t<div class=\"e-con-inner\">\n\t\t<div class=\"elementor-element elementor-element-96a01ee e-con-full e-flex e-con e-child\" data-id=\"96a01ee\" data-element_type=\"container\">\n\t\t\t\t<div class=\"elementor-element elementor-element-82fa142 elementor-widget elementor-widget-sina_title\" data-id=\"82fa142\" data-element_type=\"widget\" data-widget_type=\"sina_title.default\">\n\t\t\t\t<div class=\"elementor-widget-container\">\n\t\t\t\t\t<div class=\"sina-title\">\r\n\t\t\t\r\n\t\t\t\t\t\t\t<h2 class=\"sina-title-title\">S\u00fcrd\u00fcr\u00fclebilirlik ve M\u00fckemmellik<\/h2>\t\t\t\r\n\t\t\t\r\n\t\t\t\r\n\t\t\t\t\t<\/div><!-- .sina-title -->\r\n\t\t\t\t<\/div>\n\t\t\t\t<\/div>\n\t\t\t\t<div class=\"elementor-element elementor-element-0ec3471 elementor-widget elementor-widget-text-editor\" data-id=\"0ec3471\" data-element_type=\"widget\" data-widget_type=\"text-editor.default\">\n\t\t\t\t<div class=\"elementor-widget-container\">\n\t\t\t\t\t\t\t<p>Misyonumuz, m\u00fc\u015fteri memnuniyetini \u00f6n planda tutmak ve m\u00fckemmelle\u015fme anlay\u0131\u015f\u0131n\u0131 esas alarak, insana, do\u011faya, \u00e7evreye ve topluma sayg\u0131l\u0131 olarak s\u00fcrd\u00fcrmektir. \u00dcst\u00fcn nitelikli yap\u0131 anlay\u0131\u015f\u0131n\u0131, kusursuz alt ve \u00fcst yap\u0131 sistemleriyle birle\u015ftirme hedefini ta\u015f\u0131maktad\u0131r. Misyonumuz, \u00e7evre koruma bilinciyle davranarak \u00f6rnek projeler \u00fcretmek, uygulamak ve bu bilinci yayarak in\u015faat sekt\u00f6r\u00fcnde \u00f6nder bir yap\u0131 firmas\u0131 olmakt\u0131r.<\/p>\t\t\t\t\t\t<\/div>\n\t\t\t\t<\/div>\n\t\t\t\t<\/div>\n\t\t<div class=\"elementor-element elementor-element-9a2cb93 e-con-full e-flex e-con e-child\" data-id=\"9a2cb93\" data-element_type=\"container\">\n\t\t\t\t<div class=\"elementor-element elementor-element-b80dcb3 elementor-widget elementor-widget-image\" data-id=\"b80dcb3\" data-element_type=\"widget\" data-widget_type=\"image.default\">\n\t\t\t\t<div class=\"elementor-widget-container\">\n\t\t\t\t\t\t\t\t\t\t\t\t\t<img decoding=\"async\" width=\"576\" height=\"1024\" src=\"https:\/\/parkyapibilisim.com\/wp-content\/uploads\/2024\/10\/2-576x1024.jpeg\" class=\"attachment-large size-large wp-image-107\" alt=\"\" srcset=\"https:\/\/parkyapibilisim.com\/wp-content\/uploads\/2024\/10\/2-576x1024.jpeg 576w, https:\/\/parkyapibilisim.com\/wp-content\/uploads\/2024\/10\/2-169x300.jpeg 169w, https:\/\/parkyapibilisim.com\/wp-content\/uploads\/2024\/10\/2-768x1365.jpeg 768w, https:\/\/parkyapibilisim.com\/wp-content\/uploads\/2024\/10\/2-864x1536.jpeg 864w, https:\/\/parkyapibilisim.com\/wp-content\/uploads\/2024\/10\/2.jpeg 900w\" sizes=\"(max-width: 576px) 100vw, 576px\" \/>\t\t\t\t\t\t\t\t\t\t\t\t\t<\/div>\n\t\t\t\t<\/div>\n\t\t\t\t<\/div>\n\t\t\t\t\t<\/div>\n\t\t\t\t<\/div>\n\t\t\t\t<\/div>\n\t\t","protected":false},"excerpt":{"rendered":"<p>\u0130stikrarl\u0131 Kalite ve Yenilik\u00e7i Yakla\u015f\u0131m Misyonumuz, m\u00fc\u015fterilerimizin ve birlikte \u00e7al\u0131\u015ft\u0131\u011f\u0131m\u0131z insanlar\u0131n beklentilerini istikrarl\u0131 kalite anlay\u0131\u015f\u0131 ile kar\u015f\u0131lamak, de\u011fer yaratmay\u0131 esas alan kurumsal bir yap\u0131 olu\u015fturmak, m\u00fc\u015fteri odakl\u0131 \u00e7al\u0131\u015fma stratejimiz ve rekabet\u00e7i b\u00fcy\u00fcme potansiyelimiz ile en iyi \u015fekilde de\u011ferleri y\u00f6netmektir.&nbsp; Misyonumuz, in\u015faat ve m\u00fchendislik bilimlerindeki en son teknolojik olanaklar\u0131 kullanarak daima y\u00fcksek kalite sa\u011flayan \u015firketimiz, standartlar\u0131 [&hellip;]<\/p>\n","protected":false},"author":1,"featured_media":0,"parent":0,"menu_order":0,"comment_status":"closed","ping_status":"closed","template":"","meta":{"footnotes":""},"class_list":["post-9","page","type-page","status-publish","hentry"],"_links":{"self":[{"href":"https:\/\/parkyapibilisim.com\/index.php\/wp-json\/wp\/v2\/pages\/9","targetHints":{"allow":["GET"]}}],"collection":[{"href":"https:\/\/parkyapibilisim.com\/index.php\/wp-json\/wp\/v2\/pages"}],"about":[{"href":"https:\/\/parkyapibilisim.com\/index.php\/wp-json\/wp\/v2\/types\/page"}],"author":[{"embeddable":true,"href":"https:\/\/parkyapibilisim.com\/index.php\/wp-json\/wp\/v2\/users\/1"}],"replies":[{"embeddable":true,"href":"https:\/\/parkyapibilisim.com\/index.php\/wp-json\/wp\/v2\/comments?post=9"}],"version-history":[{"count":20,"href":"https:\/\/parkyapibilisim.com\/index.php\/wp-json\/wp\/v2\/pages\/9\/revisions"}],"predecessor-version":[{"id":276,"href":"https:\/\/parkyapibilisim.com\/index.php\/wp-json\/wp\/v2\/pages\/9\/revisions\/276"}],"wp:attachment":[{"href":"https:\/\/parkyapibilisim.com\/index.php\/wp-json\/wp\/v2\/media?parent=9"}],"curies":[{"name":"wp","href":"https:\/\/api.w.org\/{rel}","templated":true}]}}